{"id":425,"date":"2024-05-12T20:38:15","date_gmt":"2024-05-12T18:38:15","guid":{"rendered":"https:\/\/dovrehytten.dk\/?page_id=425"},"modified":"2025-04-20T15:26:20","modified_gmt":"2025-04-20T13:26:20","slug":"links-und-tipps","status":"publish","type":"page","link":"https:\/\/dovrehytten.dk\/de\/links-og-tips\/","title":{"rendered":"Links und Tipps"},"content":{"rendered":"<div class=\"wpb-content-wrapper\"><div class=\"vc_row wpb_row vc_row-fluid vc_custom_1715537982788 wpex-relative\"><div class=\"wpb_column vc_column_container vc_col-sm-8\"><div class=\"vc_column-inner\"><div class=\"wpb_wrapper\"><h1 class=\"vcex-heading vcex-heading-plain vcex-module wpex-heading wpex-text-2xl wpex-h1\"><span class=\"vcex-heading-inner wpex-inline-block\">Links und Tipps<\/span><\/h1><div class=\"wpb_animate_when_almost_visible wpb_fadeIn fadeIn\"><div class=\"vcex-image-slider-css-wrap vc_custom_1718017757519\"><div class=\"vcex-image-slider vcex-module wpex-slider slider-pro wpex-clr visible-phone\" data-fade=\"true\" data-shuffle=\"true\" data-autoplay-on-hover=\"none\" data-auto-play-delay=\"8000\" data-arrows=\"false\" data-buttons=\"false\" data-touch-swipe-desktop=\"false\"><div class=\"wpex-slider-slides sp-slides\"><div class=\"wpex-slider-slide sp-slide\"><div class=\"wpex-slider-media wpex-relative\"><img width=\"800\" height=\"457\" src=\"https:\/\/dovrehytten.dk\/wp-content\/uploads\/2024\/06\/dovrehytten_hus_19.jpg\" class=\"skip-lazy\" alt=\"\" data-no-lazy=\"1\" srcset=\"https:\/\/dovrehytten.dk\/wp-content\/uploads\/2024\/06\/dovrehytten_hus_19.jpg 800w, https:\/\/dovrehytten.dk\/wp-content\/uploads\/2024\/06\/dovrehytten_hus_19-300x171.jpg 300w, https:\/\/dovrehytten.dk\/wp-content\/uploads\/2024\/06\/dovrehytten_hus_19-768x439.jpg 768w\" sizes=\"(max-width: 800px) 100vw, 800px\" \/><\/div><\/div><div class=\"wpex-slider-slide sp-slide\"><div class=\"wpex-slider-media wpex-relative\"><img width=\"800\" height=\"457\" src=\"https:\/\/dovrehytten.dk\/wp-content\/uploads\/2024\/06\/dovrehytten_hus_10.jpg\" class=\"skip-lazy\" alt=\"\" data-no-lazy=\"1\" srcset=\"https:\/\/dovrehytten.dk\/wp-content\/uploads\/2024\/06\/dovrehytten_hus_10.jpg 800w, https:\/\/dovrehytten.dk\/wp-content\/uploads\/2024\/06\/dovrehytten_hus_10-300x171.jpg 300w, https:\/\/dovrehytten.dk\/wp-content\/uploads\/2024\/06\/dovrehytten_hus_10-768x439.jpg 768w\" sizes=\"(max-width: 800px) 100vw, 800px\" \/><\/div><\/div><div class=\"wpex-slider-slide sp-slide\"><div class=\"wpex-slider-media wpex-relative\"><img width=\"800\" height=\"457\" src=\"https:\/\/dovrehytten.dk\/wp-content\/uploads\/2024\/06\/dovrehytten_hus_11.jpg\" class=\"skip-lazy\" alt=\"\" data-no-lazy=\"1\" srcset=\"https:\/\/dovrehytten.dk\/wp-content\/uploads\/2024\/06\/dovrehytten_hus_11.jpg 800w, https:\/\/dovrehytten.dk\/wp-content\/uploads\/2024\/06\/dovrehytten_hus_11-300x171.jpg 300w, https:\/\/dovrehytten.dk\/wp-content\/uploads\/2024\/06\/dovrehytten_hus_11-768x439.jpg 768w\" sizes=\"(max-width: 800px) 100vw, 800px\" \/><\/div><\/div><div class=\"wpex-slider-slide sp-slide\"><div class=\"wpex-slider-media wpex-relative\"><img width=\"800\" height=\"457\" src=\"https:\/\/dovrehytten.dk\/wp-content\/uploads\/2024\/06\/dovrehytten_hus_13.jpg\" class=\"skip-lazy\" alt=\"\" data-no-lazy=\"1\" srcset=\"https:\/\/dovrehytten.dk\/wp-content\/uploads\/2024\/06\/dovrehytten_hus_13.jpg 800w, https:\/\/dovrehytten.dk\/wp-content\/uploads\/2024\/06\/dovrehytten_hus_13-300x171.jpg 300w, https:\/\/dovrehytten.dk\/wp-content\/uploads\/2024\/06\/dovrehytten_hus_13-768x439.jpg 768w\" sizes=\"(max-width: 800px) 100vw, 800px\" \/><\/div><\/div><div class=\"wpex-slider-slide sp-slide\"><div class=\"wpex-slider-media wpex-relative\"><img width=\"800\" height=\"457\" src=\"https:\/\/dovrehytten.dk\/wp-content\/uploads\/2024\/06\/dovrehytten_hus_6.jpg\" class=\"skip-lazy\" alt=\"\" data-no-lazy=\"1\" srcset=\"https:\/\/dovrehytten.dk\/wp-content\/uploads\/2024\/06\/dovrehytten_hus_6.jpg 800w, https:\/\/dovrehytten.dk\/wp-content\/uploads\/2024\/06\/dovrehytten_hus_6-300x171.jpg 300w, https:\/\/dovrehytten.dk\/wp-content\/uploads\/2024\/06\/dovrehytten_hus_6-768x439.jpg 768w\" sizes=\"(max-width: 800px) 100vw, 800px\" \/><\/div><\/div><div class=\"wpex-slider-slide sp-slide\"><div class=\"wpex-slider-media wpex-relative\"><img width=\"800\" height=\"457\" src=\"https:\/\/dovrehytten.dk\/wp-content\/uploads\/2024\/06\/dovrehytten_hus.jpg\" class=\"skip-lazy\" alt=\"\" data-no-lazy=\"1\" srcset=\"https:\/\/dovrehytten.dk\/wp-content\/uploads\/2024\/06\/dovrehytten_hus.jpg 800w, https:\/\/dovrehytten.dk\/wp-content\/uploads\/2024\/06\/dovrehytten_hus-300x171.jpg 300w, https:\/\/dovrehytten.dk\/wp-content\/uploads\/2024\/06\/dovrehytten_hus-768x439.jpg 768w\" sizes=\"(max-width: 800px) 100vw, 800px\" \/><\/div><\/div><div class=\"wpex-slider-slide sp-slide\"><div class=\"wpex-slider-media wpex-relative\"><img width=\"800\" height=\"457\" src=\"https:\/\/dovrehytten.dk\/wp-content\/uploads\/2024\/06\/dovrehytten_omraadet_72.jpg\" class=\"skip-lazy\" alt=\"\" data-no-lazy=\"1\" srcset=\"https:\/\/dovrehytten.dk\/wp-content\/uploads\/2024\/06\/dovrehytten_omraadet_72.jpg 800w, https:\/\/dovrehytten.dk\/wp-content\/uploads\/2024\/06\/dovrehytten_omraadet_72-300x171.jpg 300w, https:\/\/dovrehytten.dk\/wp-content\/uploads\/2024\/06\/dovrehytten_omraadet_72-768x439.jpg 768w\" sizes=\"(max-width: 800px) 100vw, 800px\" \/><\/div><\/div><div class=\"wpex-slider-slide sp-slide\"><div class=\"wpex-slider-media wpex-relative\"><img width=\"800\" height=\"457\" src=\"https:\/\/dovrehytten.dk\/wp-content\/uploads\/2024\/06\/dovrehytten_omraadet_34.jpg\" class=\"skip-lazy\" alt=\"\" data-no-lazy=\"1\" srcset=\"https:\/\/dovrehytten.dk\/wp-content\/uploads\/2024\/06\/dovrehytten_omraadet_34.jpg 800w, https:\/\/dovrehytten.dk\/wp-content\/uploads\/2024\/06\/dovrehytten_omraadet_34-300x171.jpg 300w, https:\/\/dovrehytten.dk\/wp-content\/uploads\/2024\/06\/dovrehytten_omraadet_34-768x439.jpg 768w\" sizes=\"(max-width: 800px) 100vw, 800px\" \/><\/div><\/div><div class=\"wpex-slider-slide sp-slide\"><div class=\"wpex-slider-media wpex-relative\"><img width=\"800\" height=\"457\" src=\"https:\/\/dovrehytten.dk\/wp-content\/uploads\/2024\/06\/dovrehytten_omraadet_28-1.jpg\" class=\"skip-lazy\" alt=\"\" data-no-lazy=\"1\" srcset=\"https:\/\/dovrehytten.dk\/wp-content\/uploads\/2024\/06\/dovrehytten_omraadet_28-1.jpg 800w, https:\/\/dovrehytten.dk\/wp-content\/uploads\/2024\/06\/dovrehytten_omraadet_28-1-300x171.jpg 300w, https:\/\/dovrehytten.dk\/wp-content\/uploads\/2024\/06\/dovrehytten_omraadet_28-1-768x439.jpg 768w\" sizes=\"(max-width: 800px) 100vw, 800px\" \/><\/div><\/div><div class=\"wpex-slider-slide sp-slide\"><div class=\"wpex-slider-media wpex-relative\"><img width=\"800\" height=\"457\" src=\"https:\/\/dovrehytten.dk\/wp-content\/uploads\/2024\/06\/dovrehytten_omraadet_70.jpg\" class=\"skip-lazy\" alt=\"\" data-no-lazy=\"1\" srcset=\"https:\/\/dovrehytten.dk\/wp-content\/uploads\/2024\/06\/dovrehytten_omraadet_70.jpg 800w, https:\/\/dovrehytten.dk\/wp-content\/uploads\/2024\/06\/dovrehytten_omraadet_70-300x171.jpg 300w, https:\/\/dovrehytten.dk\/wp-content\/uploads\/2024\/06\/dovrehytten_omraadet_70-768x439.jpg 768w\" sizes=\"(max-width: 800px) 100vw, 800px\" \/><\/div><\/div><div class=\"wpex-slider-slide sp-slide\"><div class=\"wpex-slider-media wpex-relative\"><img width=\"800\" height=\"457\" src=\"https:\/\/dovrehytten.dk\/wp-content\/uploads\/2024\/06\/dovrehytten_omraadet_51.jpg\" class=\"skip-lazy\" alt=\"\" data-no-lazy=\"1\" srcset=\"https:\/\/dovrehytten.dk\/wp-content\/uploads\/2024\/06\/dovrehytten_omraadet_51.jpg 800w, https:\/\/dovrehytten.dk\/wp-content\/uploads\/2024\/06\/dovrehytten_omraadet_51-300x171.jpg 300w, https:\/\/dovrehytten.dk\/wp-content\/uploads\/2024\/06\/dovrehytten_omraadet_51-768x439.jpg 768w\" sizes=\"(max-width: 800px) 100vw, 800px\" \/><\/div><\/div><\/div><\/div><\/div><\/div>\n\t<div style=\"width:90%;\" class=\"wpb_text_column wpex-max-w-100 wpex-mr-auto wpb_content_element vc_custom_1718171922602\" >\n\t\t<div class=\"wpb_wrapper\">\n\t\t\t<p>An dieser Stelle teilen wir hilfreiche Informationen f\u00fcr G\u00e4ste im Ferienhaus. Unsere Themen reichen von Einkaufsm\u00f6glichkeiten und Mietservices f\u00fcr Autos und Fahrr\u00e4der bis hin zur medizinischen Versorgung.<\/p>\n\n\t\t<\/div>\n\t<\/div>\n<\/div><\/div><\/div><div class=\"wpb_column wpb_animate_when_almost_visible wpb_fadeIn fadeIn vc_column_container vc_col-sm-4 hidden-phone\"><div class=\"vc_column-inner\"><div class=\"wpb_wrapper\"><figure class=\"vcex-image vcex-module\"><div class=\"vcex-image-inner wpex-relative wpex-inline-block vc_custom_1718053571809\"><a href=\"https:\/\/maps.app.goo.gl\/L3FmFKnC3bGtPTPG8\" target=\"_blank\" rel=\"noopener noreferrer\"><img width=\"800\" height=\"457\" src=\"https:\/\/dovrehytten.dk\/wp-content\/uploads\/2024\/06\/bornholm_dovrehytten-1.png\" class=\"vcex-image-img wpex-align-middle\" alt=\"\" loading=\"lazy\" decoding=\"async\" srcset=\"https:\/\/dovrehytten.dk\/wp-content\/uploads\/2024\/06\/bornholm_dovrehytten-1.png 800w, https:\/\/dovrehytten.dk\/wp-content\/uploads\/2024\/06\/bornholm_dovrehytten-1-300x171.png 300w, https:\/\/dovrehytten.dk\/wp-content\/uploads\/2024\/06\/bornholm_dovrehytten-1-768x439.png 768w\" sizes=\"auto, (max-width: 800px) 100vw, 800px\" \/><\/a><\/div><\/figure><\/div><\/div><\/div><\/div><div class=\"vc_row wpb_row vc_row-fluid wpex-relative wpex-vc_row-mr-auto\" style=\"max-width:800px;\"><div class=\"wpb_column vc_column_container vc_col-sm-6\"><div class=\"vc_column-inner\"><div class=\"wpb_wrapper\"><style>.vcex-icon.vcex_69f175a2dbb5b .vcex-icon-wrap{color:#9cb1b4;}.vcex-icon.vcex_69f175a2dbb5b .vcex-icon-wrap:hover{color:#9eb2b580;}<\/style><div class=\"vcex-icon vcex-module vcex-icon-normal vcex_69f175a2dbb5b\"><div class=\"vcex-icon-wrap wpex-inline-flex wpex-items-center wpex-justify-center wpex-leading-none wpex-transition-colors wpex-duration-200\"><span class=\"wpex-icon\" aria-hidden=\"true\"><svg xmlns=\"http:\/\/www.w3.org\/2000\/svg\" viewbox=\"0 0 30 32\"><path d=\"M11.429 27.429q0 0.929-0.679 1.607t-1.607 0.679-1.607-0.679-0.679-1.607 0.679-1.607 1.607-0.679 1.607 0.679 0.679 1.607zM27.429 27.429q0 0.929-0.679 1.607t-1.607 0.679-1.607-0.679-0.679-1.607 0.679-1.607 1.607-0.679 1.607 0.679 0.679 1.607zM29.714 8v9.143q0 0.429-0.295 0.759t-0.723 0.384l-18.643 2.179q0.232 1.071 0.232 1.25 0 0.286-0.429 1.143h16.429q0.464 0 0.804 0.339t0.339 0.804-0.339 0.804-0.804 0.339h-18.286q-0.464 0-0.804-0.339t-0.339-0.804q0-0.196 0.143-0.563t0.286-0.643 0.384-0.714 0.277-0.527l-3.161-14.696h-3.643q-0.464 0-0.804-0.339t-0.339-0.804 0.339-0.804 0.804-0.339h4.571q0.286 0 0.509 0.116t0.348 0.277 0.232 0.438 0.143 0.464 0.098 0.527 0.080 0.464h21.446q0.464 0 0.804 0.339t0.339 0.804z\"><\/path><\/svg><\/span><\/div><\/div>\n\t<div class=\"wpb_text_column wpb_content_element vc_custom_1718182302572\" >\n\t\t<div class=\"wpb_wrapper\">\n\t\t\t<h3 style=\"text-align: left;\">Einkaufsm\u00f6glichkeiten in der N\u00e4he<\/h3>\n<p style=\"text-align: left;\"><a href=\"https:\/\/maps.app.goo.gl\/F6dg7TvEMdwoee848\" target=\"_blank\" rel=\"noopener\"><strong>Rema 1000<\/strong><\/a><br \/>\nGartnervangen 10, 3700 R\u00f8nne, D\u00e4nemark<br \/>\n800 m<\/p>\n<p style=\"text-align: left;\"><strong><a href=\"https:\/\/maps.app.goo.gl\/wv8xGvFmfTeibXGaA\" target=\"_blank\" rel=\"noopener\">Kvickly<\/a><\/strong><br \/>\nNordre Kystvej 28, 3700 R\u00f8nne, D\u00e4nemark<br \/>\n2 Kilometer<\/p>\n<p><a href=\"https:\/\/maps.app.goo.gl\/3SBqMX7Y8oVQRMAd6\" target=\"_blank\" rel=\"noopener\"><strong>Netz<\/strong><\/a><br \/>\nStore Torv 3, 3700 R\u00f8nne, D\u00e4nemark<br \/>\n1,8 Kilometer<\/p>\n<p><strong><a href=\"https:\/\/maps.app.goo.gl\/QMJC8NLBsga5r38h8\" target=\"_blank\" rel=\"noopener\">Lidl<\/a><\/strong><br \/>\nZahrtmannsvej 98, 3700 R\u00f8nne<br \/>\n2,4 Kilometer<\/p>\n<h3>Brot und Fr\u00fchst\u00fcck<\/h3>\n<p><strong><a href=\"http:\/\/www.jensensbageribornholm.dk\/\" target=\"_blank\" rel=\"noopener\">Jensen's B\u00e4ckerei<\/a><\/strong><br \/>\nLille Madsegade 70, 3700 R\u00f8nne<br \/>\n1,5 Kilometer<\/p>\n\n\t\t<\/div>\n\t<\/div>\n<\/div><\/div><\/div><div class=\"wpb_column vc_column_container vc_col-sm-6\"><div class=\"vc_column-inner\"><div class=\"wpb_wrapper\"><\/div><\/div><\/div><\/div><div class=\"vc_row wpb_row vc_row-fluid wpex-relative wpex-vc_row-mr-auto\" style=\"max-width:800px;\"><div class=\"wpb_column vc_column_container vc_col-sm-6\"><div class=\"vc_column-inner\"><div class=\"wpb_wrapper\"><\/div><\/div><\/div><div class=\"wpb_column vc_column_container vc_col-sm-6\"><div class=\"vc_column-inner\"><div class=\"wpb_wrapper\"><style>.vcex-icon.vcex_69f175a2dc489 .vcex-icon-wrap{color:#9cb1b4;}.vcex-icon.vcex_69f175a2dc489 .vcex-icon-wrap:hover{color:#9eb2b580;}<\/style><div class=\"vcex-icon vcex-module vcex-icon-normal vcex_69f175a2dc489\"><div class=\"vcex-icon-wrap wpex-inline-flex wpex-items-center wpex-justify-center wpex-leading-none wpex-transition-colors wpex-duration-200\"><span class=\"wpex-icon\" aria-hidden=\"true\"><svg xmlns=\"http:\/\/www.w3.org\/2000\/svg\" viewbox=\"0 0 512 512\"><path d=\"M256 512A256 256 0 1 0 256 0a256 256 0 1 0 0 512zM216 336h24V272H216c-13.3 0-24-10.7-24-24s10.7-24 24-24h48c13.3 0 24 10.7 24 24v88h8c13.3 0 24 10.7 24 24s-10.7 24-24 24H216c-13.3 0-24-10.7-24-24s10.7-24 24-24zm40-208a32 32 0 1 1 0 64 32 32 0 1 1 0-64z\"\/><\/svg><\/span><\/div><\/div>\n\t<div style=\"width:90%;\" class=\"wpb_text_column wpex-max-w-100 wpex-mr-auto wpb_content_element vc_custom_1718182864137\" >\n\t\t<div class=\"wpb_wrapper\">\n\t\t\t<h3 style=\"text-align: left;\">Turistinformation<\/h3>\n<p style=\"text-align: left;\"><strong><a href=\"http:\/\/www.bornholm.info\/\" target=\"_blank\" rel=\"noopener\">Bornholm Willkommenszentrum<\/a><br \/>\n<\/strong>Nordre Kystvej 3, 3700 R\u00f8nne<br \/>\n1,9 Kilometer<\/p>\n<p style=\"text-align: left;\"><strong><a href=\"https:\/\/367ture.dk\/\">367 Touren in Bornholms Natur<\/a><\/strong><\/p>\n\n\t\t<\/div>\n\t<\/div>\n<style>.vcex-icon.vcex_69f175a2dc64e .vcex-icon-wrap{color:#9cb1b4;}.vcex-icon.vcex_69f175a2dc64e .vcex-icon-wrap:hover{color:#9eb2b580;}<\/style><div class=\"vcex-icon vcex-module vcex-icon-normal vcex_69f175a2dc64e\"><div class=\"vcex-icon-wrap wpex-inline-flex wpex-items-center wpex-justify-center wpex-leading-none wpex-transition-colors wpex-duration-200\"><span class=\"wpex-icon\" aria-hidden=\"true\"><svg xmlns=\"http:\/\/www.w3.org\/2000\/svg\" viewbox=\"0 0 640 512\"><path d=\"M312 32c-13.3 0-24 10.7-24 24s10.7 24 24 24h25.7l34.6 64H222.9l-27.4-38C191 99.7 183.7 96 176 96H120c-13.3 0-24 10.7-24 24s10.7 24 24 24h43.7l22.1 30.7-26.6 53.1c-10-2.5-20.5-3.8-31.2-3.8C57.3 224 0 281.3 0 352s57.3 128 128 128c65.3 0 119.1-48.9 127-112h49c8.5 0 16.3-4.5 20.7-11.8l84.8-143.5 21.7 40.1C402.4 276.3 384 312 384 352c0 70.7 57.3 128 128 128s128-57.3 128-128s-57.3-128-128-128c-13.5 0-26.5 2.1-38.7 6L375.4 48.8C369.8 38.4 359 32 347.2 32H312zM458.6 303.7l32.3 59.7c6.3 11.7 20.9 16 32.5 9.7s16-20.9 9.7-32.5l-32.3-59.7c3.6-.6 7.4-.9 11.2-.9c39.8 0 72 32.2 72 72s-32.2 72-72 72s-72-32.2-72-72c0-18.6 7-35.5 18.6-48.3zM133.2 368h65c-7.3 32.1-36 56-70.2 56c-39.8 0-72-32.2-72-72s32.2-72 72-72c1.7 0 3.4 .1 5.1 .2l-24.2 48.5c-9 18.1 4.1 39.4 24.3 39.4zm33.7-48l50.7-101.3 72.9 101.2-.1 .1H166.8zm90.6-128H365.9L317 274.8 257.4 192z\"\/><\/svg><\/span><\/div><\/div>\n\t<div style=\"width:90%;\" class=\"wpb_text_column wpex-max-w-100 wpex-mr-auto wpb_content_element vc_custom_1745155572813\" >\n\t\t<div class=\"wpb_wrapper\">\n\t\t\t<h3>Transport<\/h3>\n<p><a href=\"https:\/\/rentbikebornholm.com\/\" target=\"_blank\" rel=\"noopener\"><strong>Fahrradverleih Bornholm<\/strong><\/a><br \/>\nLaden Torvegade 59, 3700 R\u00f8nne, D\u00e4nemark<\/p>\n<p><a href=\"https:\/\/maps.app.goo.gl\/KKHmmu7wuoRBB2mX9\" target=\"_blank\" rel=\"noopener\"><strong>Bushaltestelle<\/strong><\/a><br \/>\nHaslevej<br \/>\n280 m<\/p>\n<p><strong><a href=\"https:\/\/maps.app.goo.gl\/GJw9tHe1iBuvdEkBA\" target=\"_blank\" rel=\"noopener\">AVIS Autovermietung<\/a><\/strong><br \/>\n\u00d8ernes Kaj 2, 3700 R\u00f8nne, D\u00e4nemark<br \/>\n2,1 Kilometer<\/p>\n<p><a href=\"https:\/\/www.bornholmslinjen.de\/\"><strong>F\u00e4hre<\/strong><\/a><br \/>\nBornholm-Linie<br \/>\n2,4 Kilometer<\/p>\n\n\t\t<\/div>\n\t<\/div>\n<\/div><\/div><\/div><\/div><div class=\"vc_row wpb_row vc_row-fluid wpex-relative wpex-vc_row-mr-auto\" style=\"max-width:800px;\"><div class=\"wpb_column vc_column_container vc_col-sm-6\"><div class=\"vc_column-inner\"><div class=\"wpb_wrapper\"><style>.vcex-icon.vcex_69f175a2dc9c6 .vcex-icon-wrap{color:#9cb1b4;}.vcex-icon.vcex_69f175a2dc9c6 .vcex-icon-wrap:hover{color:#9eb2b580;}<\/style><div class=\"vcex-icon vcex-module vcex-icon-normal vcex_69f175a2dc9c6\"><div class=\"vcex-icon-wrap wpex-inline-flex wpex-items-center wpex-justify-center wpex-leading-none wpex-transition-colors wpex-duration-200\"><span class=\"wpex-icon\" aria-hidden=\"true\"><svg xmlns=\"http:\/\/www.w3.org\/2000\/svg\" viewbox=\"0 0 448 512\"><path d=\"M224 256A128 128 0 1 0 224 0a128 128 0 1 0 0 256zm-96 55.2C54 332.9 0 401.3 0 482.3C0 498.7 13.3 512 29.7 512H418.3c16.4 0 29.7-13.3 29.7-29.7c0-81-54-149.4-128-171.1V362c27.6 7.1 48 32.2 48 62v40c0 8.8-7.2 16-16 16H336c-8.8 0-16-7.2-16-16s7.2-16 16-16V424c0-17.7-14.3-32-32-32s-32 14.3-32 32v24c8.8 0 16 7.2 16 16s-7.2 16-16 16H256c-8.8 0-16-7.2-16-16V424c0-29.8 20.4-54.9 48-62V304.9c-6-.6-12.1-.9-18.3-.9H178.3c-6.2 0-12.3 .3-18.3 .9v65.4c23.1 6.9 40 28.3 40 53.7c0 30.9-25.1 56-56 56s-56-25.1-56-56c0-25.4 16.9-46.8 40-53.7V311.2zM144 448a24 24 0 1 0 0-48 24 24 0 1 0 0 48z\"\/><\/svg><\/span><\/div><\/div>\n\t<div style=\"width:90%;\" class=\"wpb_text_column wpex-max-w-100 wpex-mr-auto wpb_content_element vc_custom_1718182353803\" >\n\t\t<div class=\"wpb_wrapper\">\n\t\t\t<h3>Medizinische Versorgung<\/h3>\n<p>Auf Bornholm steht Ihnen jederzeit medizinische Versorgung zur Verf\u00fcgung; wenden Sie sich einfach an das n\u00e4chstgelegene Gesundheitszentrum. Bei dringenden medizinischen Notf\u00e4llen au\u00dferhalb der regul\u00e4ren \u00d6ffnungszeiten k\u00f6nnen Sie den Rettungsdienst kontaktieren.<\/p>\n<p><strong><a href=\"https:\/\/laegevagten.dk\/region\/hovedstaden\" target=\"_blank\" rel=\"noopener\">Medizinischer Notdienst <\/a><\/strong>- Telefon: 1812<\/p>\n<p><strong><a href=\"https:\/\/www.regionh.dk\/praksisklinikbornholm\/Sider\/default.aspx\" target=\"_blank\" rel=\"noopener\">Praxisklinik Bornholm<\/a><br \/>\n<\/strong>S\u00f8ndre Villavej 11 - 3700 R\u00f8nne<br \/>\nTelefon: 38 67 10 60<strong><br \/>\n<\/strong><\/p>\n\n\t\t<\/div>\n\t<\/div>\n<\/div><\/div><\/div><div class=\"wpb_column vc_column_container vc_col-sm-6\"><div class=\"vc_column-inner\"><div class=\"wpb_wrapper\"><figure class=\"vcex-image vcex-module visible-phone\"><div class=\"vcex-image-inner wpex-relative wpex-inline-block vc_custom_1718171892817\"><a href=\"https:\/\/maps.app.goo.gl\/L3FmFKnC3bGtPTPG8\" target=\"_blank\" rel=\"noopener noreferrer\"><img width=\"800\" height=\"457\" src=\"https:\/\/dovrehytten.dk\/wp-content\/uploads\/2024\/06\/bornholm_dovrehytten-1.png\" class=\"vcex-image-img wpex-align-middle\" alt=\"\" loading=\"lazy\" decoding=\"async\" srcset=\"https:\/\/dovrehytten.dk\/wp-content\/uploads\/2024\/06\/bornholm_dovrehytten-1.png 800w, https:\/\/dovrehytten.dk\/wp-content\/uploads\/2024\/06\/bornholm_dovrehytten-1-300x171.png 300w, https:\/\/dovrehytten.dk\/wp-content\/uploads\/2024\/06\/bornholm_dovrehytten-1-768x439.png 768w\" sizes=\"auto, (max-width: 800px) 100vw, 800px\" \/><\/a><\/div><\/figure><\/div><\/div><\/div><\/div>\n<\/div>","protected":false},"excerpt":{"rendered":"Links und Tipps Hier sammeln wir n\u00fctzliche Informationen f\u00fcr Ferienhausg\u00e4ste. Von Einkaufsm\u00f6glichkeiten \u00fcber Auto- und Fahrradverleih bis hin zu medizinischer Versorgung ist alles dabei. Einkaufsm\u00f6glichkeiten in der N\u00e4he Rema 1000 Gartnervangen 10, 3700 R\u00f8nne 800 m Kvickly Nordre Kystvej 28, 3700 R\u00f8nne 2 km Netto Store Torv 3, 3700 R\u00f8nne 1,8 km Lidl Zahrtmannsvej 98,...","protected":false},"author":1,"featured_media":0,"parent":0,"menu_order":0,"comment_status":"closed","ping_status":"closed","template":"","meta":{"inline_featured_image":false,"footnotes":""},"class_list":["post-425","page","type-page","status-publish","hentry","entry","no-media"],"aioseo_notices":[],"_links":{"self":[{"href":"https:\/\/dovrehytten.dk\/de\/wp-json\/wp\/v2\/pages\/425","targetHints":{"allow":["GET"]}}],"collection":[{"href":"https:\/\/dovrehytten.dk\/de\/wp-json\/wp\/v2\/pages"}],"about":[{"href":"https:\/\/dovrehytten.dk\/de\/wp-json\/wp\/v2\/types\/page"}],"author":[{"embeddable":true,"href":"https:\/\/dovrehytten.dk\/de\/wp-json\/wp\/v2\/users\/1"}],"replies":[{"embeddable":true,"href":"https:\/\/dovrehytten.dk\/de\/wp-json\/wp\/v2\/comments?post=425"}],"version-history":[{"count":0,"href":"https:\/\/dovrehytten.dk\/de\/wp-json\/wp\/v2\/pages\/425\/revisions"}],"wp:attachment":[{"href":"https:\/\/dovrehytten.dk\/de\/wp-json\/wp\/v2\/media?parent=425"}],"curies":[{"name":"wp","href":"https:\/\/api.w.org\/{rel}","templated":true}]}}