{"id":1784,"date":"2025-07-10T13:17:25","date_gmt":"2025-07-10T11:17:25","guid":{"rendered":"https:\/\/dovrehytten.dk\/?page_id=1784"},"modified":"2025-07-11T10:50:49","modified_gmt":"2025-07-11T08:50:49","slug":"lob-und-tadel","status":"publish","type":"page","link":"https:\/\/dovrehytten.dk\/de\/ris-og-ros\/","title":{"rendered":"Lob und Tadel"},"content":{"rendered":"<div class=\"wpb-content-wrapper\"><div class=\"vc_row wpb_row vc_row-fluid vc_custom_1718189464906 wpex-relative\"><div class=\"wpb_column vc_column_container vc_col-sm-8\"><div class=\"vc_column-inner\"><div class=\"wpb_wrapper\"><h1 class=\"vcex-heading vcex-heading-plain vcex-module wpex-heading wpex-text-2xl wpex-h1\"><span class=\"vcex-heading-inner wpex-inline-block\">Ris og Ros<\/span><\/h1>\n\t<div style=\"width:80%;\" class=\"wpb_text_column wpex-max-w-100 wpex-mr-auto wpb_content_element vc_custom_1752153308649\" >\n\t\t<div class=\"wpb_wrapper\">\n\t\t\t<h3>Vi h\u00e5ber, at du har haft en dejlig oplevelse i Dovrehytten!<\/h3>\n<p>Vi vil s\u00e6tte stor pris p\u00e5 din feedback, s\u00e5 vi kan sikre, at vores sommerhus lever op til dine forventninger.<\/p>\n\n\t\t<\/div>\n\t<\/div>\n<\/div><\/div><\/div><div class=\"wpb_column wpb_animate_when_almost_visible wpb_fadeIn fadeIn vc_column_container vc_col-sm-4\"><div class=\"vc_column-inner\"><div class=\"wpb_wrapper\"><div class=\"vcex-image-slider-css-wrap vc_custom_1752148955121\"><div class=\"vcex-image-slider vcex-module wpex-slider slider-pro wpex-clr hidden-phone\" data-fade=\"true\" data-shuffle=\"true\" data-autoplay-on-hover=\"none\" data-auto-play-delay=\"8000\" data-arrows=\"false\" data-buttons=\"false\" data-touch-swipe-desktop=\"false\"><div class=\"wpex-slider-slides sp-slides\"><div class=\"wpex-slider-slide sp-slide\"><div class=\"wpex-slider-media wpex-relative\"><img width=\"800\" height=\"457\" src=\"https:\/\/dovrehytten.dk\/wp-content\/uploads\/2024\/06\/dovrehytten_hus_19.jpg\" class=\"skip-lazy\" alt=\"\" data-no-lazy=\"1\" srcset=\"https:\/\/dovrehytten.dk\/wp-content\/uploads\/2024\/06\/dovrehytten_hus_19.jpg 800w, https:\/\/dovrehytten.dk\/wp-content\/uploads\/2024\/06\/dovrehytten_hus_19-300x171.jpg 300w, https:\/\/dovrehytten.dk\/wp-content\/uploads\/2024\/06\/dovrehytten_hus_19-768x439.jpg 768w\" sizes=\"(max-width: 800px) 100vw, 800px\" \/><\/div><\/div><div class=\"wpex-slider-slide sp-slide\"><div class=\"wpex-slider-media wpex-relative\"><img width=\"800\" height=\"457\" src=\"https:\/\/dovrehytten.dk\/wp-content\/uploads\/2024\/06\/dovrehytten_hus_10.jpg\" class=\"skip-lazy\" alt=\"\" data-no-lazy=\"1\" srcset=\"https:\/\/dovrehytten.dk\/wp-content\/uploads\/2024\/06\/dovrehytten_hus_10.jpg 800w, https:\/\/dovrehytten.dk\/wp-content\/uploads\/2024\/06\/dovrehytten_hus_10-300x171.jpg 300w, https:\/\/dovrehytten.dk\/wp-content\/uploads\/2024\/06\/dovrehytten_hus_10-768x439.jpg 768w\" sizes=\"(max-width: 800px) 100vw, 800px\" \/><\/div><\/div><div class=\"wpex-slider-slide sp-slide\"><div class=\"wpex-slider-media wpex-relative\"><img width=\"800\" height=\"457\" src=\"https:\/\/dovrehytten.dk\/wp-content\/uploads\/2024\/06\/dovrehytten_omraadet_28-1.jpg\" class=\"skip-lazy\" alt=\"\" data-no-lazy=\"1\" srcset=\"https:\/\/dovrehytten.dk\/wp-content\/uploads\/2024\/06\/dovrehytten_omraadet_28-1.jpg 800w, https:\/\/dovrehytten.dk\/wp-content\/uploads\/2024\/06\/dovrehytten_omraadet_28-1-300x171.jpg 300w, https:\/\/dovrehytten.dk\/wp-content\/uploads\/2024\/06\/dovrehytten_omraadet_28-1-768x439.jpg 768w\" sizes=\"(max-width: 800px) 100vw, 800px\" \/><\/div><\/div><div class=\"wpex-slider-slide sp-slide\"><div class=\"wpex-slider-media wpex-relative\"><img width=\"800\" height=\"457\" src=\"https:\/\/dovrehytten.dk\/wp-content\/uploads\/2024\/06\/dovrehytten_hus_11.jpg\" class=\"skip-lazy\" alt=\"\" data-no-lazy=\"1\" srcset=\"https:\/\/dovrehytten.dk\/wp-content\/uploads\/2024\/06\/dovrehytten_hus_11.jpg 800w, https:\/\/dovrehytten.dk\/wp-content\/uploads\/2024\/06\/dovrehytten_hus_11-300x171.jpg 300w, https:\/\/dovrehytten.dk\/wp-content\/uploads\/2024\/06\/dovrehytten_hus_11-768x439.jpg 768w\" sizes=\"(max-width: 800px) 100vw, 800px\" \/><\/div><\/div><div class=\"wpex-slider-slide sp-slide\"><div class=\"wpex-slider-media wpex-relative\"><img width=\"800\" height=\"457\" src=\"https:\/\/dovrehytten.dk\/wp-content\/uploads\/2024\/06\/dovrehytten_omraadet_48.jpg\" class=\"skip-lazy\" alt=\"\" data-no-lazy=\"1\" srcset=\"https:\/\/dovrehytten.dk\/wp-content\/uploads\/2024\/06\/dovrehytten_omraadet_48.jpg 800w, https:\/\/dovrehytten.dk\/wp-content\/uploads\/2024\/06\/dovrehytten_omraadet_48-300x171.jpg 300w, https:\/\/dovrehytten.dk\/wp-content\/uploads\/2024\/06\/dovrehytten_omraadet_48-768x439.jpg 768w\" sizes=\"(max-width: 800px) 100vw, 800px\" \/><\/div><\/div><div class=\"wpex-slider-slide sp-slide\"><div class=\"wpex-slider-media wpex-relative\"><img width=\"800\" height=\"457\" src=\"https:\/\/dovrehytten.dk\/wp-content\/uploads\/2024\/06\/dovrehytten_hus_13.jpg\" class=\"skip-lazy\" alt=\"\" data-no-lazy=\"1\" srcset=\"https:\/\/dovrehytten.dk\/wp-content\/uploads\/2024\/06\/dovrehytten_hus_13.jpg 800w, https:\/\/dovrehytten.dk\/wp-content\/uploads\/2024\/06\/dovrehytten_hus_13-300x171.jpg 300w, https:\/\/dovrehytten.dk\/wp-content\/uploads\/2024\/06\/dovrehytten_hus_13-768x439.jpg 768w\" sizes=\"(max-width: 800px) 100vw, 800px\" \/><\/div><\/div><div class=\"wpex-slider-slide sp-slide\"><div class=\"wpex-slider-media wpex-relative\"><img width=\"800\" height=\"457\" src=\"https:\/\/dovrehytten.dk\/wp-content\/uploads\/2024\/06\/dovrehytten_hus.jpg\" class=\"skip-lazy\" alt=\"\" data-no-lazy=\"1\" srcset=\"https:\/\/dovrehytten.dk\/wp-content\/uploads\/2024\/06\/dovrehytten_hus.jpg 800w, https:\/\/dovrehytten.dk\/wp-content\/uploads\/2024\/06\/dovrehytten_hus-300x171.jpg 300w, https:\/\/dovrehytten.dk\/wp-content\/uploads\/2024\/06\/dovrehytten_hus-768x439.jpg 768w\" sizes=\"(max-width: 800px) 100vw, 800px\" \/><\/div><\/div><div class=\"wpex-slider-slide sp-slide\"><div class=\"wpex-slider-media wpex-relative\"><img width=\"800\" height=\"457\" src=\"https:\/\/dovrehytten.dk\/wp-content\/uploads\/2024\/06\/dovrehytten_omraadet_72.jpg\" class=\"skip-lazy\" alt=\"\" data-no-lazy=\"1\" srcset=\"https:\/\/dovrehytten.dk\/wp-content\/uploads\/2024\/06\/dovrehytten_omraadet_72.jpg 800w, https:\/\/dovrehytten.dk\/wp-content\/uploads\/2024\/06\/dovrehytten_omraadet_72-300x171.jpg 300w, https:\/\/dovrehytten.dk\/wp-content\/uploads\/2024\/06\/dovrehytten_omraadet_72-768x439.jpg 768w\" sizes=\"(max-width: 800px) 100vw, 800px\" \/><\/div><\/div><div class=\"wpex-slider-slide sp-slide\"><div class=\"wpex-slider-media wpex-relative\"><img width=\"800\" height=\"457\" src=\"https:\/\/dovrehytten.dk\/wp-content\/uploads\/2024\/06\/dovrehytten_hus_4.jpg\" class=\"skip-lazy\" alt=\"\" data-no-lazy=\"1\" srcset=\"https:\/\/dovrehytten.dk\/wp-content\/uploads\/2024\/06\/dovrehytten_hus_4.jpg 800w, https:\/\/dovrehytten.dk\/wp-content\/uploads\/2024\/06\/dovrehytten_hus_4-300x171.jpg 300w, https:\/\/dovrehytten.dk\/wp-content\/uploads\/2024\/06\/dovrehytten_hus_4-768x439.jpg 768w\" sizes=\"(max-width: 800px) 100vw, 800px\" \/><\/div><\/div><div class=\"wpex-slider-slide sp-slide\"><div class=\"wpex-slider-media wpex-relative\"><img width=\"800\" height=\"457\" src=\"https:\/\/dovrehytten.dk\/wp-content\/uploads\/2024\/06\/dovrehytten_omraadet_54.jpg\" class=\"skip-lazy\" alt=\"\" data-no-lazy=\"1\" srcset=\"https:\/\/dovrehytten.dk\/wp-content\/uploads\/2024\/06\/dovrehytten_omraadet_54.jpg 800w, https:\/\/dovrehytten.dk\/wp-content\/uploads\/2024\/06\/dovrehytten_omraadet_54-300x171.jpg 300w, https:\/\/dovrehytten.dk\/wp-content\/uploads\/2024\/06\/dovrehytten_omraadet_54-768x439.jpg 768w\" sizes=\"(max-width: 800px) 100vw, 800px\" \/><\/div><\/div><div class=\"wpex-slider-slide sp-slide\"><div class=\"wpex-slider-media wpex-relative\"><img width=\"800\" height=\"457\" src=\"https:\/\/dovrehytten.dk\/wp-content\/uploads\/2024\/06\/dovrehytten_omraadet_70.jpg\" class=\"skip-lazy\" alt=\"\" data-no-lazy=\"1\" srcset=\"https:\/\/dovrehytten.dk\/wp-content\/uploads\/2024\/06\/dovrehytten_omraadet_70.jpg 800w, https:\/\/dovrehytten.dk\/wp-content\/uploads\/2024\/06\/dovrehytten_omraadet_70-300x171.jpg 300w, https:\/\/dovrehytten.dk\/wp-content\/uploads\/2024\/06\/dovrehytten_omraadet_70-768x439.jpg 768w\" sizes=\"(max-width: 800px) 100vw, 800px\" \/><\/div><\/div><div class=\"wpex-slider-slide sp-slide\"><div class=\"wpex-slider-media wpex-relative\"><img width=\"800\" height=\"457\" src=\"https:\/\/dovrehytten.dk\/wp-content\/uploads\/2024\/06\/dovrehytten_omraadet_36.jpg\" class=\"skip-lazy\" alt=\"\" data-no-lazy=\"1\" srcset=\"https:\/\/dovrehytten.dk\/wp-content\/uploads\/2024\/06\/dovrehytten_omraadet_36.jpg 800w, https:\/\/dovrehytten.dk\/wp-content\/uploads\/2024\/06\/dovrehytten_omraadet_36-300x171.jpg 300w, https:\/\/dovrehytten.dk\/wp-content\/uploads\/2024\/06\/dovrehytten_omraadet_36-768x439.jpg 768w\" sizes=\"(max-width: 800px) 100vw, 800px\" \/><\/div><\/div><div class=\"wpex-slider-slide sp-slide\"><div class=\"wpex-slider-media wpex-relative\"><img width=\"800\" height=\"457\" src=\"https:\/\/dovrehytten.dk\/wp-content\/uploads\/2024\/06\/dovrehytten_omraadet_33.jpg\" class=\"skip-lazy\" alt=\"\" data-no-lazy=\"1\" srcset=\"https:\/\/dovrehytten.dk\/wp-content\/uploads\/2024\/06\/dovrehytten_omraadet_33.jpg 800w, https:\/\/dovrehytten.dk\/wp-content\/uploads\/2024\/06\/dovrehytten_omraadet_33-300x171.jpg 300w, https:\/\/dovrehytten.dk\/wp-content\/uploads\/2024\/06\/dovrehytten_omraadet_33-768x439.jpg 768w\" sizes=\"(max-width: 800px) 100vw, 800px\" \/><\/div><\/div><\/div><\/div><\/div><\/div><\/div><\/div><\/div><div class=\"vc_row wpb_row vc_row-fluid vc_custom_1752147331151 wpex-relative wpex-vc-has-custom-column-spacing wpex-vc-column-spacing-60\"><div class=\"wpb_column vc_column_container vc_col-sm-8\"><div class=\"vc_column-inner vc_custom_1752148516240\"><div class=\"wpb_wrapper\"><h2 class=\"vcex-heading vcex-heading-plain vcex-module wpex-heading wpex-text-2xl wpex-h2\"><span class=\"vcex-heading-inner wpex-inline-block\">Skriv Anmeldelse<\/span><\/h2><style id=\"wpforms-css-vars-1795\">\n\t\t\t\t#wpforms-1795 {\n\t\t\t\t\n\t\t\t}\n\t\t\t<\/style><div class=\"wpforms-container wpforms-container-full wpforms-render-modern\" id=\"wpforms-1795\"><form id=\"wpforms-form-1795\" class=\"wpforms-validate wpforms-form wpforms-ajax-form\" data-formid=\"1795\" method=\"post\" enctype=\"multipart\/form-data\" action=\"\/de\/wp-json\/wp\/v2\/pages\/1784\" data-token=\"cffc10ca0b89ebe60ceb9a0669e583f7\" data-token-time=\"1777554909\"><noscript class=\"wpforms-error-noscript\">Bitte aktivieren Sie JavaScript in Ihrem Browser, um dieses Formular fertigzustellen.<\/noscript><div id=\"wpforms-error-noscript\" style=\"display: none;\">Bitte aktivieren Sie JavaScript in Ihrem Browser, um dieses Formular fertigzustellen.<\/div><div class=\"wpforms-field-container\"><div id=\"wpforms-1795-field_0-container\" class=\"wpforms-field wpforms-field-name\" data-field-id=\"0\"><label class=\"wpforms-field-label\" for=\"wpforms-1795-field_0\">Navn <span class=\"wpforms-required-label\" aria-hidden=\"true\">*<\/span><\/label><input type=\"text\" id=\"wpforms-1795-field_0\" class=\"wpforms-field-medium wpforms-field-required\" name=\"wpforms[fields][0]\" aria-errormessage=\"wpforms-1795-field_0-error\" required><\/div><div id=\"wpforms-1795-field_1-container\" class=\"wpforms-field wpforms-field-email\" data-field-id=\"1\"><label class=\"wpforms-field-label\" for=\"wpforms-1795-field_1\">Email <span class=\"wpforms-required-label\" aria-hidden=\"true\">*<\/span><\/label><input type=\"email\" id=\"wpforms-1795-field_1\" class=\"wpforms-field-medium wpforms-field-required\" name=\"wpforms[fields][1]\" spellcheck=\"false\" aria-errormessage=\"wpforms-1795-field_1-error\" required><\/div><div id=\"wpforms-1795-field_2-container\" class=\"wpforms-field wpforms-field-textarea\" data-field-id=\"2\"><label class=\"wpforms-field-label\" for=\"wpforms-1795-field_2\">Besked<\/label><textarea id=\"wpforms-1795-field_2\" class=\"wpforms-field-large\" name=\"wpforms[fields][2]\" aria-errormessage=\"wpforms-1795-field_2-error\" ><\/textarea><\/div><\/div><!-- .wpforms-field-container --><div class=\"wpforms-submit-container\" ><input type=\"hidden\" name=\"wpforms[id]\" value=\"1795\"><input type=\"hidden\" name=\"page_title\" value=\"\"><input type=\"hidden\" name=\"page_url\" value=\"https:\/\/dovrehytten.dk\/de\/wp-json\/wp\/v2\/pages\/1784\"><input type=\"hidden\" name=\"url_referer\" value=\"\"><button type=\"submit\" name=\"wpforms[submit]\" id=\"wpforms-submit-1795\" class=\"wpforms-submit\" data-alt-text=\"Sender...\" data-submit-text=\"Send\" aria-live=\"assertive\" value=\"wpforms-submit\">Send<\/button><img src=\"https:\/\/dovrehytten.dk\/wp-content\/plugins\/wpforms-lite\/assets\/images\/submit-spin.svg\" class=\"wpforms-submit-spinner\" style=\"display: none;\" width=\"26\" height=\"26\" alt=\"Wird geladen\"><\/div><\/form><\/div>  <!-- .wpforms-container --><\/div><\/div><\/div><div class=\"wpb_column vc_column_container vc_col-sm-4\"><div class=\"vc_column-inner\"><div class=\"wpb_wrapper\"><h2 class=\"vcex-heading vcex-heading-plain vcex-module wpex-heading wpex-text-2xl wpex-h2\"><span class=\"vcex-heading-inner wpex-inline-block\">Anmeld via Google<\/span><\/h2>\n\t<div class=\"wpb_text_column wpb_content_element vc_custom_1752153389908\" >\n\t\t<div class=\"wpb_wrapper\">\n\t\t\t<p>Hvis du er gmail bruger kan du v\u00e6lge at anmelde Dovrehytten via Google. Din anmeldelse vil automatisk blive vist p\u00e5 vores Google profil.<\/p>\n\n\t\t<\/div>\n\t<\/div>\n<style>.vcex-image.vcex_69f355dd9216d .vcex-image-inner{max-width:250px;}<\/style><figure class=\"vcex-image vcex-module wpex-text-left vcex_69f355dd9216d\"><div class=\"vcex-image-inner wpex-relative wpex-inline-block vc_custom_1752147829454\"><a href=\"https:\/\/g.page\/r\/CWrJSmsnCv-BEBM\/review\" target=\"_blank\" rel=\"nofollow noopener noreferrer\"><img width=\"400\" height=\"233\" src=\"https:\/\/dovrehytten.dk\/wp-content\/uploads\/2025\/07\/google_anmeldelse.jpg\" class=\"vcex-image-img wpex-align-middle\" alt=\"\" loading=\"lazy\" decoding=\"async\" srcset=\"https:\/\/dovrehytten.dk\/wp-content\/uploads\/2025\/07\/google_anmeldelse.jpg 400w, https:\/\/dovrehytten.dk\/wp-content\/uploads\/2025\/07\/google_anmeldelse-300x175.jpg 300w, https:\/\/dovrehytten.dk\/wp-content\/uploads\/2025\/07\/google_anmeldelse-18x10.jpg 18w\" sizes=\"auto, (max-width: 400px) 100vw, 400px\" \/><\/a><\/div><\/figure><div class=\"vc_custom_1752149018467 wpex-clr\"><a href=\"https:\/\/g.page\/r\/CWrJSmsnCv-BEBM\/review\" class=\"vcex-button theme-button inline\" target=\"_blank\" rel=\"nofollow noopener noreferrer\"><span class=\"vcex-button-inner theme-button-inner wpex-flex wpex-flex-wrap wpex-items-center wpex-justify-center\">Klik her<\/span><\/a><\/div> <\/div><\/div><\/div><\/div><div class=\"vc_row wpb_row vc_row-fluid vc_custom_1718189464906 wpex-relative\"><div class=\"wpb_column vc_column_container vc_col-sm-8\"><div class=\"vc_column-inner\"><div class=\"wpb_wrapper\">\n\t<div style=\"width:80%;\" class=\"wpb_text_column wpex-max-w-100 wpex-mr-auto wpb_content_element vc_custom_1752153321568\" >\n\t\t<div class=\"wpb_wrapper\">\n\t\t\t<p><strong>P\u00e5 forh\u00e5nd tak for din respons<\/strong><\/p>\n<p>Din feedback er vigtig for os! Udover at hj\u00e6lpe os med at forbedre Dovrehytten, vil vi bruge udvalgte anmeldelser til at promovere sommerhuset p\u00e5 vores hjemmeside eller sociale medier. Hvis du deler din oplevelse, hj\u00e6lper du andre med at finde frem til det perfekte sted for deres ferie \u2013 og vi er meget taknemmelige for det!<\/p>\n<p><strong>Kontakt\u2028<\/strong><br \/>\nDu er meget velkommen til at skrive til os, hvis du har sp\u00f8rgsm\u00e5l.<\/p>\n<p>Bettina Ruben<br \/>\n<a href=\"mailto:ruben.bettina@gmail.com\">ruben.bettina@gmail.com<\/a><\/p>\n<p>Pelle Pedersen<br \/>\n<a href=\"mailto:pelle@pellep.dk\">pelle@pellep.dk<\/a><\/p>\n\n\t\t<\/div>\n\t<\/div>\n<\/div><\/div><\/div><div class=\"wpb_column wpb_animate_when_almost_visible wpb_fadeIn fadeIn vc_column_container vc_col-sm-4\"><div class=\"vc_column-inner\"><div class=\"wpb_wrapper\"><\/div><\/div><\/div><\/div><div class=\"vc_row wpb_row vc_row-fluid vc_custom_1752223845239 wpex-relative visible-phone\"><div class=\"wpb_column vc_column_container vc_col-sm-12\"><div class=\"vc_column-inner\"><div class=\"wpb_wrapper\"><div class=\"vcex-image-slider-css-wrap vc_custom_1752148955121\"><div class=\"vcex-image-slider vcex-module wpex-slider slider-pro wpex-clr hidden-phone\" data-fade=\"true\" data-shuffle=\"true\" data-autoplay-on-hover=\"none\" data-auto-play-delay=\"8000\" data-arrows=\"false\" data-buttons=\"false\" data-touch-swipe-desktop=\"false\"><div class=\"wpex-slider-slides sp-slides\"><div class=\"wpex-slider-slide sp-slide\"><div class=\"wpex-slider-media wpex-relative\"><img width=\"800\" height=\"457\" src=\"https:\/\/dovrehytten.dk\/wp-content\/uploads\/2024\/06\/dovrehytten_hus_19.jpg\" class=\"skip-lazy\" alt=\"\" data-no-lazy=\"1\" srcset=\"https:\/\/dovrehytten.dk\/wp-content\/uploads\/2024\/06\/dovrehytten_hus_19.jpg 800w, https:\/\/dovrehytten.dk\/wp-content\/uploads\/2024\/06\/dovrehytten_hus_19-300x171.jpg 300w, https:\/\/dovrehytten.dk\/wp-content\/uploads\/2024\/06\/dovrehytten_hus_19-768x439.jpg 768w\" sizes=\"(max-width: 800px) 100vw, 800px\" \/><\/div><\/div><div class=\"wpex-slider-slide sp-slide\"><div class=\"wpex-slider-media wpex-relative\"><img width=\"800\" height=\"457\" src=\"https:\/\/dovrehytten.dk\/wp-content\/uploads\/2024\/06\/dovrehytten_hus_10.jpg\" class=\"skip-lazy\" alt=\"\" data-no-lazy=\"1\" srcset=\"https:\/\/dovrehytten.dk\/wp-content\/uploads\/2024\/06\/dovrehytten_hus_10.jpg 800w, https:\/\/dovrehytten.dk\/wp-content\/uploads\/2024\/06\/dovrehytten_hus_10-300x171.jpg 300w, https:\/\/dovrehytten.dk\/wp-content\/uploads\/2024\/06\/dovrehytten_hus_10-768x439.jpg 768w\" sizes=\"(max-width: 800px) 100vw, 800px\" \/><\/div><\/div><div class=\"wpex-slider-slide sp-slide\"><div class=\"wpex-slider-media wpex-relative\"><img width=\"800\" height=\"457\" src=\"https:\/\/dovrehytten.dk\/wp-content\/uploads\/2024\/06\/dovrehytten_omraadet_28-1.jpg\" class=\"skip-lazy\" alt=\"\" data-no-lazy=\"1\" srcset=\"https:\/\/dovrehytten.dk\/wp-content\/uploads\/2024\/06\/dovrehytten_omraadet_28-1.jpg 800w, https:\/\/dovrehytten.dk\/wp-content\/uploads\/2024\/06\/dovrehytten_omraadet_28-1-300x171.jpg 300w, https:\/\/dovrehytten.dk\/wp-content\/uploads\/2024\/06\/dovrehytten_omraadet_28-1-768x439.jpg 768w\" sizes=\"(max-width: 800px) 100vw, 800px\" \/><\/div><\/div><div class=\"wpex-slider-slide sp-slide\"><div class=\"wpex-slider-media wpex-relative\"><img width=\"800\" height=\"457\" src=\"https:\/\/dovrehytten.dk\/wp-content\/uploads\/2024\/06\/dovrehytten_hus_11.jpg\" class=\"skip-lazy\" alt=\"\" data-no-lazy=\"1\" srcset=\"https:\/\/dovrehytten.dk\/wp-content\/uploads\/2024\/06\/dovrehytten_hus_11.jpg 800w, https:\/\/dovrehytten.dk\/wp-content\/uploads\/2024\/06\/dovrehytten_hus_11-300x171.jpg 300w, https:\/\/dovrehytten.dk\/wp-content\/uploads\/2024\/06\/dovrehytten_hus_11-768x439.jpg 768w\" sizes=\"(max-width: 800px) 100vw, 800px\" \/><\/div><\/div><div class=\"wpex-slider-slide sp-slide\"><div class=\"wpex-slider-media wpex-relative\"><img width=\"800\" height=\"457\" src=\"https:\/\/dovrehytten.dk\/wp-content\/uploads\/2024\/06\/dovrehytten_omraadet_48.jpg\" class=\"skip-lazy\" alt=\"\" data-no-lazy=\"1\" srcset=\"https:\/\/dovrehytten.dk\/wp-content\/uploads\/2024\/06\/dovrehytten_omraadet_48.jpg 800w, https:\/\/dovrehytten.dk\/wp-content\/uploads\/2024\/06\/dovrehytten_omraadet_48-300x171.jpg 300w, https:\/\/dovrehytten.dk\/wp-content\/uploads\/2024\/06\/dovrehytten_omraadet_48-768x439.jpg 768w\" sizes=\"(max-width: 800px) 100vw, 800px\" \/><\/div><\/div><div class=\"wpex-slider-slide sp-slide\"><div class=\"wpex-slider-media wpex-relative\"><img width=\"800\" height=\"457\" src=\"https:\/\/dovrehytten.dk\/wp-content\/uploads\/2024\/06\/dovrehytten_hus_13.jpg\" class=\"skip-lazy\" alt=\"\" data-no-lazy=\"1\" srcset=\"https:\/\/dovrehytten.dk\/wp-content\/uploads\/2024\/06\/dovrehytten_hus_13.jpg 800w, https:\/\/dovrehytten.dk\/wp-content\/uploads\/2024\/06\/dovrehytten_hus_13-300x171.jpg 300w, https:\/\/dovrehytten.dk\/wp-content\/uploads\/2024\/06\/dovrehytten_hus_13-768x439.jpg 768w\" sizes=\"(max-width: 800px) 100vw, 800px\" \/><\/div><\/div><div class=\"wpex-slider-slide sp-slide\"><div class=\"wpex-slider-media wpex-relative\"><img width=\"800\" height=\"457\" src=\"https:\/\/dovrehytten.dk\/wp-content\/uploads\/2024\/06\/dovrehytten_hus.jpg\" class=\"skip-lazy\" alt=\"\" data-no-lazy=\"1\" srcset=\"https:\/\/dovrehytten.dk\/wp-content\/uploads\/2024\/06\/dovrehytten_hus.jpg 800w, https:\/\/dovrehytten.dk\/wp-content\/uploads\/2024\/06\/dovrehytten_hus-300x171.jpg 300w, https:\/\/dovrehytten.dk\/wp-content\/uploads\/2024\/06\/dovrehytten_hus-768x439.jpg 768w\" sizes=\"(max-width: 800px) 100vw, 800px\" \/><\/div><\/div><div class=\"wpex-slider-slide sp-slide\"><div class=\"wpex-slider-media wpex-relative\"><img width=\"800\" height=\"457\" src=\"https:\/\/dovrehytten.dk\/wp-content\/uploads\/2024\/06\/dovrehytten_omraadet_72.jpg\" class=\"skip-lazy\" alt=\"\" data-no-lazy=\"1\" srcset=\"https:\/\/dovrehytten.dk\/wp-content\/uploads\/2024\/06\/dovrehytten_omraadet_72.jpg 800w, https:\/\/dovrehytten.dk\/wp-content\/uploads\/2024\/06\/dovrehytten_omraadet_72-300x171.jpg 300w, https:\/\/dovrehytten.dk\/wp-content\/uploads\/2024\/06\/dovrehytten_omraadet_72-768x439.jpg 768w\" sizes=\"(max-width: 800px) 100vw, 800px\" \/><\/div><\/div><div class=\"wpex-slider-slide sp-slide\"><div class=\"wpex-slider-media wpex-relative\"><img width=\"800\" height=\"457\" src=\"https:\/\/dovrehytten.dk\/wp-content\/uploads\/2024\/06\/dovrehytten_hus_4.jpg\" class=\"skip-lazy\" alt=\"\" data-no-lazy=\"1\" srcset=\"https:\/\/dovrehytten.dk\/wp-content\/uploads\/2024\/06\/dovrehytten_hus_4.jpg 800w, https:\/\/dovrehytten.dk\/wp-content\/uploads\/2024\/06\/dovrehytten_hus_4-300x171.jpg 300w, https:\/\/dovrehytten.dk\/wp-content\/uploads\/2024\/06\/dovrehytten_hus_4-768x439.jpg 768w\" sizes=\"(max-width: 800px) 100vw, 800px\" \/><\/div><\/div><div class=\"wpex-slider-slide sp-slide\"><div class=\"wpex-slider-media wpex-relative\"><img width=\"800\" height=\"457\" src=\"https:\/\/dovrehytten.dk\/wp-content\/uploads\/2024\/06\/dovrehytten_omraadet_54.jpg\" class=\"skip-lazy\" alt=\"\" data-no-lazy=\"1\" srcset=\"https:\/\/dovrehytten.dk\/wp-content\/uploads\/2024\/06\/dovrehytten_omraadet_54.jpg 800w, https:\/\/dovrehytten.dk\/wp-content\/uploads\/2024\/06\/dovrehytten_omraadet_54-300x171.jpg 300w, https:\/\/dovrehytten.dk\/wp-content\/uploads\/2024\/06\/dovrehytten_omraadet_54-768x439.jpg 768w\" sizes=\"(max-width: 800px) 100vw, 800px\" \/><\/div><\/div><div class=\"wpex-slider-slide sp-slide\"><div class=\"wpex-slider-media wpex-relative\"><img width=\"800\" height=\"457\" src=\"https:\/\/dovrehytten.dk\/wp-content\/uploads\/2024\/06\/dovrehytten_omraadet_70.jpg\" class=\"skip-lazy\" alt=\"\" data-no-lazy=\"1\" srcset=\"https:\/\/dovrehytten.dk\/wp-content\/uploads\/2024\/06\/dovrehytten_omraadet_70.jpg 800w, https:\/\/dovrehytten.dk\/wp-content\/uploads\/2024\/06\/dovrehytten_omraadet_70-300x171.jpg 300w, https:\/\/dovrehytten.dk\/wp-content\/uploads\/2024\/06\/dovrehytten_omraadet_70-768x439.jpg 768w\" sizes=\"(max-width: 800px) 100vw, 800px\" \/><\/div><\/div><div class=\"wpex-slider-slide sp-slide\"><div class=\"wpex-slider-media wpex-relative\"><img width=\"800\" height=\"457\" src=\"https:\/\/dovrehytten.dk\/wp-content\/uploads\/2024\/06\/dovrehytten_omraadet_36.jpg\" class=\"skip-lazy\" alt=\"\" data-no-lazy=\"1\" srcset=\"https:\/\/dovrehytten.dk\/wp-content\/uploads\/2024\/06\/dovrehytten_omraadet_36.jpg 800w, https:\/\/dovrehytten.dk\/wp-content\/uploads\/2024\/06\/dovrehytten_omraadet_36-300x171.jpg 300w, https:\/\/dovrehytten.dk\/wp-content\/uploads\/2024\/06\/dovrehytten_omraadet_36-768x439.jpg 768w\" sizes=\"(max-width: 800px) 100vw, 800px\" \/><\/div><\/div><div class=\"wpex-slider-slide sp-slide\"><div class=\"wpex-slider-media wpex-relative\"><img width=\"800\" height=\"457\" src=\"https:\/\/dovrehytten.dk\/wp-content\/uploads\/2024\/06\/dovrehytten_omraadet_33.jpg\" class=\"skip-lazy\" alt=\"\" data-no-lazy=\"1\" srcset=\"https:\/\/dovrehytten.dk\/wp-content\/uploads\/2024\/06\/dovrehytten_omraadet_33.jpg 800w, https:\/\/dovrehytten.dk\/wp-content\/uploads\/2024\/06\/dovrehytten_omraadet_33-300x171.jpg 300w, https:\/\/dovrehytten.dk\/wp-content\/uploads\/2024\/06\/dovrehytten_omraadet_33-768x439.jpg 768w\" sizes=\"(max-width: 800px) 100vw, 800px\" \/><\/div><\/div><\/div><\/div><\/div><\/div><\/div><\/div><\/div>\n<\/div>","protected":false},"excerpt":{"rendered":"Ris og Ros Vi h\u00e5ber, at du har haft en dejlig oplevelse i Dovrehytten! Vi vil s\u00e6tte stor pris p\u00e5 din feedback, s\u00e5 vi kan sikre, at vores sommerhus lever op til dine forventninger. Skriv AnmeldelseBitte aktivieren Sie JavaScript in Ihrem Browser, um dieses Formular fertigzustellen.Bitte aktivieren Sie JavaScript in Ihrem Browser, um dieses Formular&hellip;","protected":false},"author":1,"featured_media":1229,"parent":0,"menu_order":0,"comment_status":"closed","ping_status":"closed","template":"","meta":{"inline_featured_image":false,"footnotes":""},"class_list":["post-1784","page","type-page","status-publish","has-post-thumbnail","hentry","entry","has-media"],"aioseo_notices":[],"_links":{"self":[{"href":"https:\/\/dovrehytten.dk\/de\/wp-json\/wp\/v2\/pages\/1784","targetHints":{"allow":["GET"]}}],"collection":[{"href":"https:\/\/dovrehytten.dk\/de\/wp-json\/wp\/v2\/pages"}],"about":[{"href":"https:\/\/dovrehytten.dk\/de\/wp-json\/wp\/v2\/types\/page"}],"author":[{"embeddable":true,"href":"https:\/\/dovrehytten.dk\/de\/wp-json\/wp\/v2\/users\/1"}],"replies":[{"embeddable":true,"href":"https:\/\/dovrehytten.dk\/de\/wp-json\/wp\/v2\/comments?post=1784"}],"version-history":[{"count":0,"href":"https:\/\/dovrehytten.dk\/de\/wp-json\/wp\/v2\/pages\/1784\/revisions"}],"wp:featuredmedia":[{"embeddable":true,"href":"https:\/\/dovrehytten.dk\/de\/wp-json\/wp\/v2\/media\/1229"}],"wp:attachment":[{"href":"https:\/\/dovrehytten.dk\/de\/wp-json\/wp\/v2\/media?parent=1784"}],"curies":[{"name":"wp","href":"https:\/\/api.w.org\/{rel}","templated":true}]}}