{"id":1476,"date":"2024-06-24T22:57:30","date_gmt":"2024-06-24T20:57:30","guid":{"rendered":"https:\/\/dovrehytten.dk\/?page_id=1476"},"modified":"2024-06-25T14:33:50","modified_gmt":"2024-06-25T12:33:50","slug":"cookie-und-datenschutzrichtlinie","status":"publish","type":"page","link":"https:\/\/dovrehytten.dk\/de\/cookie-og-privatlivspolitik\/","title":{"rendered":"Cookie- und Datenschutzrichtlinie"},"content":{"rendered":"<div class=\"wpb-content-wrapper\"><div class=\"vc_row wpb_row vc_row-fluid vc_custom_1719263240209 wpex-relative\"><div class=\"wpb_column vc_column_container vc_col-sm-9\"><div class=\"vc_column-inner\"><div class=\"wpb_wrapper\"><figure class=\"vcex-image vcex-module\"><div class=\"vcex-image-inner wpex-relative wpex-inline-block\"><img width=\"1200\" height=\"457\" src=\"https:\/\/dovrehytten.dk\/wp-content\/uploads\/2024\/06\/cookies-hjerte_dovrehytten.jpg\" class=\"vcex-image-img wpex-align-middle\" alt=\"\" loading=\"lazy\" decoding=\"async\" srcset=\"https:\/\/dovrehytten.dk\/wp-content\/uploads\/2024\/06\/cookies-hjerte_dovrehytten.jpg 1200w, https:\/\/dovrehytten.dk\/wp-content\/uploads\/2024\/06\/cookies-hjerte_dovrehytten-300x114.jpg 300w, https:\/\/dovrehytten.dk\/wp-content\/uploads\/2024\/06\/cookies-hjerte_dovrehytten-1024x390.jpg 1024w, https:\/\/dovrehytten.dk\/wp-content\/uploads\/2024\/06\/cookies-hjerte_dovrehytten-768x292.jpg 768w, https:\/\/dovrehytten.dk\/wp-content\/uploads\/2024\/06\/cookies-hjerte_dovrehytten-18x7.jpg 18w\" sizes=\"auto, (max-width: 1200px) 100vw, 1200px\" \/><\/div><\/figure><h1 class=\"vcex-heading vcex-heading-plain vcex-module wpex-heading wpex-text-2xl wpex-h1 vc_custom_1719318593947\"><span class=\"vcex-heading-inner wpex-inline-block\">Cookie- und Datenschutzrichtlinie<\/span><\/h1>\n\t<div class=\"wpb_text_column wpb_content_element vc_custom_1719318486937\" >\n\t\t<div class=\"wpb_wrapper\">\n\t\t\t<p><strong>Beim Besuch unserer Website werden Daten \u00fcber Sie mithilfe von Cookies erhoben. Diese Informationen werden daf\u00fcr genutzt, unsere Inhalte auf Sie zuzuschneiden und zu optimieren. Wenn Sie nicht m\u00f6chten, dass Daten erfasst werden, haben Sie die M\u00f6glichkeit, bestimmte Cookies abzulehnen. Im Folgenden erl\u00e4utern wir, welche Daten gesammelt werden, zu welchen Zwecken sie verwendet werden und welche Dritten Zugang dazu haben.<\/strong><\/p>\n<p><strong>Cookies<\/strong><br \/>\nDie Website verwendet \"Cookies\", d. h. Textdateien, die auf Ihrem Computer, Mobiltelefon oder \u00e4hnlichem gespeichert werden, um sie wiederzuerkennen, Einstellungen zu speichern, Statistiken durchzuf\u00fchren und Anzeigen auszurichten. Cookies d\u00fcrfen keinen sch\u00e4dlichen Code wie Viren enthalten. Unten sehen Sie, welche Cookies die Website verwendet.<\/p>\n<p>Wenn Sie Cookies l\u00f6schen oder blockieren, werden Anzeigen f\u00fcr Sie m\u00f6glicherweise weniger relevant und erscheinen h\u00e4ufiger. Sie k\u00f6nnen auch riskieren, dass die Website nicht optimal funktioniert und dass es Inhalte gibt, auf die Sie nicht zugreifen k\u00f6nnen.<\/p>\n<h3>Personenbezogene Daten<\/h3>\n<p><strong>Allgemein<\/strong><br \/>\nPersonenbezogene Daten sind alle Arten von Informationen, die Ihnen auf die eine oder andere Weise zugeordnet werden k\u00f6nnen. Wenn Sie unsere Website nutzen, sammeln und verarbeiten wir eine Reihe solcher Informationen. Dies geschieht z.B. durch den allgemeinen Zugriff auf Inhalte, die Nutzung von Formularen oder die Buchung \u00fcber die Website.<\/p>\n<p>Wir erheben und verarbeiten in der Regel die folgenden Arten von Informationen: Eine eindeutige ID und technische Informationen \u00fcber Ihren Computer, Ihr Tablet oder Ihr Mobiltelefon, Ihre IP-Nummer, Ihren geografischen Standort und die Seiten, auf die Sie klicken (Interessen). Soweit Sie hierzu ausdr\u00fccklich einwilligen und die Informationen selbst eingeben, werden auch folgende Informationen verarbeitet: Name, Telefonnummer, E-Mail, Adresse und Zahlungsinformationen. Dies geschieht in der Regel im Zusammenhang mit der Buchung.<\/p>\n<p><strong>Sicherheit<\/strong><br \/>\nWir verarbeiten Ihre personenbezogenen Daten sicher und vertraulich in \u00dcbereinstimmung mit den geltenden Gesetzen, einschlie\u00dflich der Datenschutz-Grundverordnung und des Datenschutzgesetzes. Ihre Daten werden nur f\u00fcr den Zweck verwendet, f\u00fcr den sie erhoben wurden, und gel\u00f6scht, wenn dieser Zweck erf\u00fcllt oder nicht mehr relevant ist. Wir haben technische und organisatorische Ma\u00dfnahmen getroffen, um zu verhindern, dass Ihre Daten versehentlich oder unrechtm\u00e4\u00dfig gel\u00f6scht, ver\u00f6ffentlicht, verloren oder beeintr\u00e4chtigt werden oder Unbefugten zur Kenntnis gelangen, missbraucht oder anderweitig gesetzeswidrig verarbeitet werden.<\/p>\n<p><strong>Ziel<\/strong><br \/>\nZweckDie Informationen werden verwendet, um Sie als Benutzer zu identifizieren und Ihnen die Anzeigen zu zeigen, die f\u00fcr Sie am wahrscheinlichsten relevant sind, um Ihre Eink\u00e4ufe und Zahlungen zu erfassen und um die von Ihnen angeforderten Dienstleistungen erbringen zu k\u00f6nnen. Dar\u00fcber hinaus verwenden wir die Informationen, um unsere Dienste und Inhalte zu optimieren.<\/p>\n<p><strong>Dauer der Speicherung<\/strong><br \/>\nDie Daten werden f\u00fcr den gesetzlich zul\u00e4ssigen Zeitraum gespeichert und von uns gel\u00f6scht, wenn sie nicht mehr ben\u00f6tigt werden. Der Zeitraum h\u00e4ngt von der Art der Daten und dem Grund der Speicherung ab. Es ist daher nicht m\u00f6glich, einen allgemeinen Zeitrahmen f\u00fcr die L\u00f6schung von Informationen anzugeben.<\/p>\n<p><strong>Offenlegung von Informationen<\/strong><br \/>\nDaten \u00fcber Ihre Nutzung der Website, welche Anzeigen Sie erhalten und m\u00f6glicherweise anklicken, geografischer Standort, Geschlecht und Alterssegment usw. werden an Dritte weitergegeben, soweit diese Informationen bekannt sind. Welche Dritten beteiligt sind, k\u00f6nnen Sie im Abschnitt \"Cookies\" oben sehen. Die Informationen werden f\u00fcr gezielte Werbung verwendet.<\/p>\n<p>Dar\u00fcber hinaus setzen wir eine Reihe von Dritten f\u00fcr die Speicherung und Verarbeitung von Daten ein. Sie verarbeiten Informationen nur in unserem Auftrag und d\u00fcrfen diese nicht f\u00fcr eigene Zwecke verwenden.<\/p>\n<p>Eine Weitergabe von personenbezogenen Daten wie Name und E-Mail etc. erfolgt nur, wenn Sie dem zustimmen. Wir verwenden nur Datenverarbeiter in der EU oder in L\u00e4ndern, die einen angemessenen Schutz f\u00fcr Ihre Daten bieten k\u00f6nnen.<\/p>\n<p><strong>Einblicke und Beschwerden<\/strong><br \/>\nSie haben das Recht, dar\u00fcber informiert zu werden, welche personenbezogenen Daten wir \u00fcber Sie in einem g\u00e4ngigen Format verarbeiten (Daten\u00fcbertragbarkeit). Sie k\u00f6nnen der Datennutzung auch jederzeit widersprechen. Sie k\u00f6nnen auch Ihre Einwilligung zur Verarbeitung von Informationen \u00fcber Sie widerrufen. Wenn die \u00fcber Sie verarbeiteten Informationen falsch sind, haben Sie das Recht, diese korrigieren oder l\u00f6schen zu lassen. Anfragen hierzu richten Sie bitte an: pelle@pellep.dk. Wenn Sie sich \u00fcber die Verarbeitung Ihrer personenbezogenen Daten durch uns beschweren m\u00f6chten, haben Sie auch die M\u00f6glichkeit, sich an die d\u00e4nische Datenschutzbeh\u00f6rde zu wenden.<\/p>\n<p>Wenn Sie nicht mehr m\u00f6chten, dass wir Ihre personenbezogenen Daten verarbeiten oder die Verarbeitung Ihrer personenbezogenen Daten einschr\u00e4nken, k\u00f6nnen Sie uns auch eine entsprechende Anfrage an die oben genannte E-Mail-Adresse senden.<\/p>\n<p><strong>Publisher<\/strong><br \/>\nDie Website ist Eigentum und wird ver\u00f6ffentlicht von:<\/p>\n<p>Pelle Pedersen<br \/>\nN\u00f8rre Sideall\u00e9 8, 4. tv.<br \/>\n2200 Kopenhagen N<br \/>\nTelefon: 61660918<br \/>\nE-Mail: pelle@pellep.dk<\/p>\n<h3>Auf der Website verwendete Cookies<\/h3>\n<p><strong>Die untenstehenden Informationen werden von Cookiebot zur Verf\u00fcgung gestellt. Bitte kontaktieren Sie den Herausgeber, wenn Sie Fragen zum Inhalt haben.<\/strong><\/p>\n\n\t\t<\/div>\n\t<\/div>\n\n\t<div class=\"wpb_raw_code wpb_raw_html wpb_content_element vc_custom_1719318827244\" >\n\t\t<div class=\"wpb_wrapper\">\n\t\t\t<script id=\"CookieDeclaration\" src=\"https:\/\/consent.cookiebot.com\/6407cf93-002d-47e8-a11a-f4bd308c9a41\/cd.js\" type=\"text\/javascript\" async><\/script>\n\t\t<\/div>\n\t<\/div>\n<\/div><\/div><\/div><div class=\"wpb_column vc_column_container vc_col-sm-3\"><div class=\"vc_column-inner\"><div class=\"wpb_wrapper\"><\/div><\/div><\/div><\/div>\n<\/div>","protected":false},"excerpt":{"rendered":"Cookie- und Datenschutzrichtlinie Wenn Sie unsere Website besuchen, werden \u00fcber Cookies Informationen \u00fcber Sie gesammelt. Diese Informationen werden verwendet, um unsere Inhalte anzupassen und zu verbessern. Wenn Sie nicht m\u00f6chten, dass Informationen gesammelt werden, k\u00f6nnen Sie die Verwendung von Cookies verweigern, die Sie nicht w\u00fcnschen. Im Folgenden wird erl\u00e4utert, welche Informationen gesammelt werden, zu welchem Zweck und...","protected":false},"author":1,"featured_media":545,"parent":0,"menu_order":0,"comment_status":"open","ping_status":"open","template":"","meta":{"inline_featured_image":false,"footnotes":""},"class_list":["post-1476","page","type-page","status-publish","has-post-thumbnail","hentry","entry","has-media"],"aioseo_notices":[],"_links":{"self":[{"href":"https:\/\/dovrehytten.dk\/de\/wp-json\/wp\/v2\/pages\/1476","targetHints":{"allow":["GET"]}}],"collection":[{"href":"https:\/\/dovrehytten.dk\/de\/wp-json\/wp\/v2\/pages"}],"about":[{"href":"https:\/\/dovrehytten.dk\/de\/wp-json\/wp\/v2\/types\/page"}],"author":[{"embeddable":true,"href":"https:\/\/dovrehytten.dk\/de\/wp-json\/wp\/v2\/users\/1"}],"replies":[{"embeddable":true,"href":"https:\/\/dovrehytten.dk\/de\/wp-json\/wp\/v2\/comments?post=1476"}],"version-history":[{"count":0,"href":"https:\/\/dovrehytten.dk\/de\/wp-json\/wp\/v2\/pages\/1476\/revisions"}],"wp:featuredmedia":[{"embeddable":true,"href":"https:\/\/dovrehytten.dk\/de\/wp-json\/wp\/v2\/media\/545"}],"wp:attachment":[{"href":"https:\/\/dovrehytten.dk\/de\/wp-json\/wp\/v2\/media?parent=1476"}],"curies":[{"name":"wp","href":"https:\/\/api.w.org\/{rel}","templated":true}]}}